{"id":1535,"date":"2018-03-07T11:10:18","date_gmt":"2018-03-07T10:10:18","guid":{"rendered":"https:\/\/hertrampf-aib.de\/relaunch\/?page_id=1535"},"modified":"2024-09-10T19:44:57","modified_gmt":"2024-09-10T17:44:57","slug":"bbi-stammtisch","status":"publish","type":"page","link":"https:\/\/hertrampf-aib.de\/?page_id=1535","title":{"rendered":"Stammtisch &#8211; BSV"},"content":{"rendered":"<p>[et_pb_section fb_built=&#8220;1&#8243; admin_label=&#8220;section&#8220; _builder_version=&#8220;4.16&#8243; global_colors_info=&#8220;{}&#8220;][et_pb_row _builder_version=&#8220;4.16&#8243; global_colors_info=&#8220;{}&#8220;][et_pb_column type=&#8220;4_4&#8243; _builder_version=&#8220;4.16&#8243; custom_padding=&#8220;|||&#8220; global_colors_info=&#8220;{}&#8220; custom_padding__hover=&#8220;|||&#8220;][et_pb_text admin_label=&#8220;Stammtischrunden&#8220; module_class=&#8220;ueberschrift&#8220; _builder_version=&#8220;4.16&#8243; border_style=&#8220;solid&#8220; global_colors_info=&#8220;{}&#8220;]<\/p>\n<h1>Stammtischrunden<\/h1>\n<p>[\/et_pb_text][\/et_pb_column][\/et_pb_row][\/et_pb_section][et_pb_section fb_built=&#8220;1&#8243; admin_label=&#8220;section&#8220; _builder_version=&#8220;4.16&#8243; global_colors_info=&#8220;{}&#8220;][et_pb_row admin_label=&#8220;row&#8220; _builder_version=&#8220;4.16&#8243; background_size=&#8220;initial&#8220; background_position=&#8220;top_left&#8220; background_repeat=&#8220;repeat&#8220; global_colors_info=&#8220;{}&#8220;][et_pb_column type=&#8220;4_4&#8243; _builder_version=&#8220;4.16&#8243; custom_padding=&#8220;|||&#8220; global_colors_info=&#8220;{}&#8220; custom_padding__hover=&#8220;|||&#8220;][et_pb_text _builder_version=&#8220;4.16&#8243; text_text_color=&#8220;#000000&#8243; text_font_size=&#8220;16&#8243; background_size=&#8220;initial&#8220; background_position=&#8220;top_left&#8220; background_repeat=&#8220;repeat&#8220; border_style=&#8220;solid&#8220; global_colors_info=&#8220;{}&#8220;]<\/p>\n<p>Gemeinsam werden mit ortsans\u00e4ssigen Juristen unter dem Motto \u201eAus Sch\u00e4den anderer lernen und eigene Fehler vermeiden\u201c Stammtischrunden in betont lockerer und zwangloser Atmosph\u00e4re durchgef\u00fchrt, wo neben Bauherren und Architekten, Ingenieure und Sachverst\u00e4ndige auch Immobilien- und Hausverwaltungen sowie Juristen und alle am Bauen Interessierten gern eingeladen sind.<\/p>\n<p>Im Rahmen von zwanglosen Gespr\u00e4chs- und Diskussionsrunden unter Berufs- und \u201eLeidens\u201c-Kollegen der verschiedenen Branchen erfolgt ein kurzweiliger Erfahrungsaustausch \u00fcber aktuelle sowie neue und immer wiederkehrende Fragen und L\u00f6sungen beim Bauen.<\/p>\n<p>Erfahrungsgem\u00e4\u00df ist bei den Zusammenk\u00fcnften aufgrund der unterschiedlichsten Sachverhalte und Problempunkte aller Teilnehmer eine interessante und vielf\u00e4ltige Themenvielfalt garantiert.<\/p>\n<p>Die Stammtischrunden sollen den Blick f\u00fcr richtiges und schadfreies Bauen sch\u00e4rfen sowie st\u00e4ndig die Erfahrungen Anderer in Erinnerung rufen.<\/p>\n<p>[\/et_pb_text][\/et_pb_column][\/et_pb_row][\/et_pb_section][et_pb_section fb_built=&#8220;1&#8243; inner_shadow=&#8220;on&#8220; fullwidth=&#8220;on&#8220; custom_padding_last_edited=&#8220;on|desktop&#8220; admin_label=&#8220;section&#8220; _builder_version=&#8220;4.16&#8243; custom_padding_tablet=&#8220;50px|0|50px|0&#8243; custom_padding_phone=&#8220;&#8220; transparent_background=&#8220;off&#8220; global_colors_info=&#8220;{}&#8220;][et_pb_fullwidth_header subhead=&#8220;Termine&#8220; subhead_font_color=&#8220;#012a5e&#8220; admin_label=&#8220;Termine 2018&#8243; _builder_version=&#8220;4.16&#8243; subhead_text_color=&#8220;#012a5e&#8220; subhead_font_size=&#8220;27px&#8220; background_color=&#8220;rgba(255, 255, 255, 0)&#8220; max_width_tablet=&#8220;50px&#8220; custom_css_main_element=&#8220;border-top:1px solid #f8b90a;||border-bottom:1px solid #f8b90a;&#8220; button_one_letter_spacing_hover=&#8220;0&#8243; button_two_letter_spacing_hover=&#8220;0&#8243; global_colors_info=&#8220;{}&#8220; button_one_text_size__hover_enabled=&#8220;off&#8220; button_two_text_size__hover_enabled=&#8220;off&#8220; button_one_text_color__hover_enabled=&#8220;off&#8220; button_two_text_color__hover_enabled=&#8220;off&#8220; button_one_border_width__hover_enabled=&#8220;off&#8220; button_two_border_width__hover_enabled=&#8220;off&#8220; button_one_border_color__hover_enabled=&#8220;off&#8220; button_two_border_color__hover_enabled=&#8220;off&#8220; button_one_border_radius__hover_enabled=&#8220;off&#8220; button_two_border_radius__hover_enabled=&#8220;off&#8220; button_one_letter_spacing__hover_enabled=&#8220;on&#8220; button_one_letter_spacing__hover=&#8220;0&#8243; button_two_letter_spacing__hover_enabled=&#8220;on&#8220; button_two_letter_spacing__hover=&#8220;0&#8243; button_one_bg_color__hover_enabled=&#8220;off&#8220; button_two_bg_color__hover_enabled=&#8220;off&#8220;][\/et_pb_fullwidth_header][\/et_pb_section][et_pb_section fb_built=&#8220;1&#8243; admin_label=&#8220;section&#8220; _builder_version=&#8220;4.16&#8243; global_colors_info=&#8220;{}&#8220;][et_pb_row admin_label=&#8220;row&#8220; _builder_version=&#8220;4.27.0&#8243; background_size=&#8220;initial&#8220; background_position=&#8220;top_left&#8220; background_repeat=&#8220;repeat&#8220; global_colors_info=&#8220;{}&#8220;][et_pb_column type=&#8220;4_4&#8243; _builder_version=&#8220;4.16&#8243; custom_padding=&#8220;|||&#8220; global_colors_info=&#8220;{}&#8220; custom_padding__hover=&#8220;|||&#8220;][et_pb_text _builder_version=&#8220;4.16&#8243; text_text_color=&#8220;#000000&#8243; text_font_size=&#8220;16&#8243; background_size=&#8220;initial&#8220; background_position=&#8220;top_left&#8220; background_repeat=&#8220;repeat&#8220; border_style=&#8220;solid&#8220; global_colors_info=&#8220;{}&#8220;]<\/p>\n<p>Die Bekanntgabe der \u00d6rtlichkeit erfolgt entsprechend der Teilnehmeranzahl 3 Tage vor dem jeweiligen Termin.<br \/>Beginn der Stammtischrunden ist\u00a0jeweils ab 17:00 Uhr.<\/p>\n<p>Anmeldung und Informationen \u00fcber Termine sowie \u00d6rtlichkeiten \u00fcber<br \/><strong>HERTRAMPF BauBeratungs-&amp; SachVerst\u00e4ndigenb\u00fcro\u00a0GbR<\/strong><br \/><strong><a href=\"mailto:info@HERTRAMPF-BSV.de\">info@HERTRAMPF-BSV.de<\/a><\/strong><\/p>\n<p>[\/et_pb_text][\/et_pb_column][\/et_pb_row][\/et_pb_section][et_pb_section fb_built=&#8220;1&#8243; admin_label=&#8220;section&#8220; _builder_version=&#8220;4.16&#8243; global_colors_info=&#8220;{}&#8220;][et_pb_row admin_label=&#8220;row&#8220; _builder_version=&#8220;4.16&#8243; background_size=&#8220;initial&#8220; background_position=&#8220;top_left&#8220; background_repeat=&#8220;repeat&#8220; global_colors_info=&#8220;{}&#8220;][et_pb_column type=&#8220;4_4&#8243; _builder_version=&#8220;4.16&#8243; custom_padding=&#8220;|||&#8220; global_colors_info=&#8220;{}&#8220; custom_padding__hover=&#8220;|||&#8220;][\/et_pb_column][\/et_pb_row][\/et_pb_section]<\/p>\n","protected":false},"excerpt":{"rendered":"<p>Stammtischrunden Gemeinsam werden mit ortsans\u00e4ssigen Juristen unter dem Motto \u201eAus Sch\u00e4den anderer lernen und eigene Fehler vermeiden\u201c Stammtischrunden in betont lockerer und zwangloser Atmosph\u00e4re durchgef\u00fchrt, wo neben Bauherren und Architekten, Ingenieure und Sachverst\u00e4ndige auch Immobilien- und Hausverwaltungen sowie Juristen und alle am Bauen Interessierten gern eingeladen sind. Im Rahmen von zwanglosen Gespr\u00e4chs- und Diskussionsrunden unter [&hellip;]<\/p>\n","protected":false},"author":3,"featured_media":0,"parent":0,"menu_order":0,"comment_status":"closed","ping_status":"closed","template":"","meta":{"_et_pb_use_builder":"on","_et_pb_old_content":"","_et_gb_content_width":"","footnotes":""},"class_list":["post-1535","page","type-page","status-publish","hentry"],"_links":{"self":[{"href":"https:\/\/hertrampf-aib.de\/index.php?rest_route=\/wp\/v2\/pages\/1535","targetHints":{"allow":["GET"]}}],"collection":[{"href":"https:\/\/hertrampf-aib.de\/index.php?rest_route=\/wp\/v2\/pages"}],"about":[{"href":"https:\/\/hertrampf-aib.de\/index.php?rest_route=\/wp\/v2\/types\/page"}],"author":[{"embeddable":true,"href":"https:\/\/hertrampf-aib.de\/index.php?rest_route=\/wp\/v2\/users\/3"}],"replies":[{"embeddable":true,"href":"https:\/\/hertrampf-aib.de\/index.php?rest_route=%2Fwp%2Fv2%2Fcomments&post=1535"}],"version-history":[{"count":20,"href":"https:\/\/hertrampf-aib.de\/index.php?rest_route=\/wp\/v2\/pages\/1535\/revisions"}],"predecessor-version":[{"id":2764,"href":"https:\/\/hertrampf-aib.de\/index.php?rest_route=\/wp\/v2\/pages\/1535\/revisions\/2764"}],"wp:attachment":[{"href":"https:\/\/hertrampf-aib.de\/index.php?rest_route=%2Fwp%2Fv2%2Fmedia&parent=1535"}],"curies":[{"name":"wp","href":"https:\/\/api.w.org\/{rel}","templated":true}]}}