{"id":1531,"date":"2018-03-07T11:09:48","date_gmt":"2018-03-07T10:09:48","guid":{"rendered":"https:\/\/hertrampf-aib.de\/relaunch\/?page_id=1531"},"modified":"2024-08-29T11:17:36","modified_gmt":"2024-08-29T09:17:36","slug":"bbi-anmeldung","status":"publish","type":"page","link":"https:\/\/hertrampf-aib.de\/?page_id=1531","title":{"rendered":"Anmeldung &#8211; BSV"},"content":{"rendered":"<p>[et_pb_section fb_built=&#8220;1&#8243; _builder_version=&#8220;4.16&#8243; global_colors_info=&#8220;{}&#8220;][et_pb_row _builder_version=&#8220;4.16&#8243; background_size=&#8220;initial&#8220; background_position=&#8220;top_left&#8220; background_repeat=&#8220;repeat&#8220; global_colors_info=&#8220;{}&#8220;][et_pb_column type=&#8220;4_4&#8243; _builder_version=&#8220;4.16&#8243; custom_padding=&#8220;|||&#8220; global_colors_info=&#8220;{}&#8220; custom_padding__hover=&#8220;|||&#8220;][et_pb_image src=&#8220;https:\/\/hertrampf-aib.de\/\/wp-content\/uploads\/2018\/03\/12-1.jpg&#8220; align_tablet=&#8220;center&#8220; align_last_edited=&#8220;on|desktop&#8220; _builder_version=&#8220;4.16&#8243; border_style=&#8220;solid&#8220; global_colors_info=&#8220;{}&#8220; align_phone=&#8220;center&#8220;][\/et_pb_image][\/et_pb_column][\/et_pb_row][\/et_pb_section][et_pb_section fb_built=&#8220;1&#8243; inner_shadow=&#8220;on&#8220; fullwidth=&#8220;on&#8220; custom_padding_last_edited=&#8220;on|desktop&#8220; admin_label=&#8220;section&#8220; _builder_version=&#8220;4.16&#8243; custom_padding_tablet=&#8220;50px|0|50px|0&#8243; custom_padding_phone=&#8220;&#8220; transparent_background=&#8220;off&#8220; global_colors_info=&#8220;{}&#8220;][et_pb_fullwidth_header subhead=&#8220;Termine&#8220; subhead_font_color=&#8220;#012a5e&#8220; admin_label=&#8220;Anmeldebedingungen&#8220; _builder_version=&#8220;4.16&#8243; subhead_text_color=&#8220;#012a5e&#8220; subhead_font_size=&#8220;27px&#8220; background_color=&#8220;rgba(255, 255, 255, 0)&#8220; max_width_tablet=&#8220;50px&#8220; custom_css_main_element=&#8220;border-top:1px solid #f8b90a;||border-bottom:1px solid #f8b90a;&#8220; button_one_letter_spacing_hover=&#8220;0&#8243; button_two_letter_spacing_hover=&#8220;0&#8243; global_colors_info=&#8220;{}&#8220; button_one_text_size__hover_enabled=&#8220;off&#8220; button_two_text_size__hover_enabled=&#8220;off&#8220; button_one_text_color__hover_enabled=&#8220;off&#8220; button_two_text_color__hover_enabled=&#8220;off&#8220; button_one_border_width__hover_enabled=&#8220;off&#8220; button_two_border_width__hover_enabled=&#8220;off&#8220; button_one_border_color__hover_enabled=&#8220;off&#8220; button_two_border_color__hover_enabled=&#8220;off&#8220; button_one_border_radius__hover_enabled=&#8220;off&#8220; button_two_border_radius__hover_enabled=&#8220;off&#8220; button_one_letter_spacing__hover_enabled=&#8220;on&#8220; button_one_letter_spacing__hover=&#8220;0&#8243; button_two_letter_spacing__hover_enabled=&#8220;on&#8220; button_two_letter_spacing__hover=&#8220;0&#8243; button_one_bg_color__hover_enabled=&#8220;off&#8220; button_two_bg_color__hover_enabled=&#8220;off&#8220;][\/et_pb_fullwidth_header][\/et_pb_section][et_pb_section fb_built=&#8220;1&#8243; admin_label=&#8220;section&#8220; _builder_version=&#8220;4.16&#8243; global_colors_info=&#8220;{}&#8220;][et_pb_row admin_label=&#8220;row&#8220; _builder_version=&#8220;4.16&#8243; background_size=&#8220;initial&#8220; background_position=&#8220;top_left&#8220; background_repeat=&#8220;repeat&#8220; global_colors_info=&#8220;{}&#8220; column_structure=&#8220;1_2,1_2&#8243;][et_pb_column type=&#8220;1_2&#8243; _builder_version=&#8220;4.16&#8243; custom_padding=&#8220;|||&#8220; global_colors_info=&#8220;{}&#8220; custom_padding__hover=&#8220;|||&#8220;][et_pb_text _builder_version=&#8220;4.16&#8243; text_text_color=&#8220;#000000&#8243; text_font_size=&#8220;16&#8243; background_size=&#8220;initial&#8220; background_position=&#8220;top_left&#8220; background_repeat=&#8220;repeat&#8220; border_style=&#8220;solid&#8220; global_colors_info=&#8220;{}&#8220;]<\/p>\n<p><strong>Derzeit ist kein Bau.Sachverstand.Forum geplant.<\/strong><\/p>\n<p>&nbsp;<\/p>\n<p>&nbsp;<\/p>\n<p>[\/et_pb_text][\/et_pb_column][et_pb_column type=&#8220;1_2&#8243; _builder_version=&#8220;4.16&#8243; custom_padding=&#8220;|||&#8220; global_colors_info=&#8220;{}&#8220; custom_padding__hover=&#8220;|||&#8220;][\/et_pb_column][\/et_pb_row][\/et_pb_section][et_pb_section fb_built=&#8220;1&#8243; inner_shadow=&#8220;on&#8220; fullwidth=&#8220;on&#8220; custom_padding_last_edited=&#8220;on|desktop&#8220; admin_label=&#8220;section&#8220; _builder_version=&#8220;4.16&#8243; custom_padding_tablet=&#8220;50px|0|50px|0&#8243; custom_padding_phone=&#8220;&#8220; transparent_background=&#8220;off&#8220; global_colors_info=&#8220;{}&#8220;][et_pb_fullwidth_header subhead=&#8220;Teilnahmegeb\u00fchr&#8220; subhead_font_color=&#8220;#012a5e&#8220; admin_label=&#8220;Teilnahmegeb\u00fchr&#8220; _builder_version=&#8220;4.16&#8243; subhead_text_color=&#8220;#012a5e&#8220; subhead_font_size=&#8220;27px&#8220; background_color=&#8220;rgba(255, 255, 255, 0)&#8220; max_width_tablet=&#8220;50px&#8220; custom_css_main_element=&#8220;border-top:1px solid #f8b90a;||border-bottom:1px solid #f8b90a;&#8220; button_one_letter_spacing_hover=&#8220;0&#8243; button_two_letter_spacing_hover=&#8220;0&#8243; global_colors_info=&#8220;{}&#8220; button_one_text_size__hover_enabled=&#8220;off&#8220; button_two_text_size__hover_enabled=&#8220;off&#8220; button_one_text_color__hover_enabled=&#8220;off&#8220; button_two_text_color__hover_enabled=&#8220;off&#8220; button_one_border_width__hover_enabled=&#8220;off&#8220; button_two_border_width__hover_enabled=&#8220;off&#8220; button_one_border_color__hover_enabled=&#8220;off&#8220; button_two_border_color__hover_enabled=&#8220;off&#8220; button_one_border_radius__hover_enabled=&#8220;off&#8220; button_two_border_radius__hover_enabled=&#8220;off&#8220; button_one_letter_spacing__hover_enabled=&#8220;on&#8220; button_one_letter_spacing__hover=&#8220;0&#8243; button_two_letter_spacing__hover_enabled=&#8220;on&#8220; button_two_letter_spacing__hover=&#8220;0&#8243; button_one_bg_color__hover_enabled=&#8220;off&#8220; button_two_bg_color__hover_enabled=&#8220;off&#8220;][\/et_pb_fullwidth_header][\/et_pb_section][et_pb_section fb_built=&#8220;1&#8243; admin_label=&#8220;section&#8220; _builder_version=&#8220;4.16&#8243; global_colors_info=&#8220;{}&#8220;][et_pb_row admin_label=&#8220;row&#8220; _builder_version=&#8220;4.16&#8243; background_size=&#8220;initial&#8220; background_position=&#8220;top_left&#8220; background_repeat=&#8220;repeat&#8220; global_colors_info=&#8220;{}&#8220;][et_pb_column type=&#8220;4_4&#8243; _builder_version=&#8220;4.16&#8243; custom_padding=&#8220;|||&#8220; global_colors_info=&#8220;{}&#8220; custom_padding__hover=&#8220;|||&#8220;][et_pb_text _builder_version=&#8220;4.16&#8243; text_text_color=&#8220;#000000&#8243; text_font_size=&#8220;16&#8243; header_text_color=&#8220;#000000&#8243; background_size=&#8220;initial&#8220; background_position=&#8220;top_left&#8220; background_repeat=&#8220;repeat&#8220; border_style=&#8220;solid&#8220; global_colors_info=&#8220;{}&#8220;]Die Teilnehmergeb\u00fchr betr\u00e4gt <strong>140,00 EUR zuz\u00fcglich der gesetzlichen Mehrwertsteuer<\/strong> und beinhaltet neben Schreibunterlagen au\u00dferdem Tagungsgetr\u00e4nke w\u00e4hrend der Veranstaltung sowie ein Mittagessen am Buffet im Hotelrestaurant und 2 Kaffeepausen mit Pausenimbiss.<\/p>\n<p>Des Weiteren k\u00f6nnen bereits ab 8.30 Uhr bei einem Begr\u00fc\u00dfungskaffee erste fachliche Erfahrungen unter Teilnehmern ausgetauscht werden. Neben den Tagungsunterlagen werden den Teilnehmern au\u00dferdem zur weiter gehenden Erkenntnisgewinnung&nbsp;verschiedene Ver\u00f6ffentlichungen zu interessanten Themen der unterschiedlichsten Art sowie ausgew\u00e4hlte Neuerungen von Fachregeln, Bauprodukten und Rechtsprechungen als Download bereitgestellt.<\/p>\n<p>&nbsp;[\/et_pb_text][\/et_pb_column][\/et_pb_row][\/et_pb_section][et_pb_section fb_built=&#8220;1&#8243; inner_shadow=&#8220;on&#8220; fullwidth=&#8220;on&#8220; custom_padding_last_edited=&#8220;on|desktop&#8220; admin_label=&#8220;section&#8220; _builder_version=&#8220;4.16&#8243; custom_padding_tablet=&#8220;50px|0|50px|0&#8243; custom_padding_phone=&#8220;&#8220; transparent_background=&#8220;off&#8220; global_colors_info=&#8220;{}&#8220;][et_pb_fullwidth_header subhead=&#8220;Anreise&#8220; subhead_font_color=&#8220;#012a5e&#8220; admin_label=&#8220;Anreiseinformationen&#8220; _builder_version=&#8220;4.16&#8243; subhead_text_color=&#8220;#012a5e&#8220; subhead_font_size=&#8220;27px&#8220; background_color=&#8220;rgba(255, 255, 255, 0)&#8220; max_width_tablet=&#8220;50px&#8220; custom_css_main_element=&#8220;border-top:1px solid #f8b90a;||border-bottom:1px solid #f8b90a;&#8220; button_one_letter_spacing_hover=&#8220;0&#8243; button_two_letter_spacing_hover=&#8220;0&#8243; global_colors_info=&#8220;{}&#8220; button_one_text_size__hover_enabled=&#8220;off&#8220; button_two_text_size__hover_enabled=&#8220;off&#8220; button_one_text_color__hover_enabled=&#8220;off&#8220; button_two_text_color__hover_enabled=&#8220;off&#8220; button_one_border_width__hover_enabled=&#8220;off&#8220; button_two_border_width__hover_enabled=&#8220;off&#8220; button_one_border_color__hover_enabled=&#8220;off&#8220; button_two_border_color__hover_enabled=&#8220;off&#8220; button_one_border_radius__hover_enabled=&#8220;off&#8220; button_two_border_radius__hover_enabled=&#8220;off&#8220; button_one_letter_spacing__hover_enabled=&#8220;on&#8220; button_one_letter_spacing__hover=&#8220;0&#8243; button_two_letter_spacing__hover_enabled=&#8220;on&#8220; button_two_letter_spacing__hover=&#8220;0&#8243; button_one_bg_color__hover_enabled=&#8220;off&#8220; button_two_bg_color__hover_enabled=&#8220;off&#8220;][\/et_pb_fullwidth_header][\/et_pb_section][et_pb_section fb_built=&#8220;1&#8243; admin_label=&#8220;section&#8220; _builder_version=&#8220;4.16&#8243; global_colors_info=&#8220;{}&#8220;][et_pb_row admin_label=&#8220;row&#8220; _builder_version=&#8220;4.16&#8243; background_size=&#8220;initial&#8220; background_position=&#8220;top_left&#8220; background_repeat=&#8220;repeat&#8220; global_colors_info=&#8220;{}&#8220;][et_pb_column type=&#8220;4_4&#8243; _builder_version=&#8220;4.16&#8243; custom_padding=&#8220;|||&#8220; global_colors_info=&#8220;{}&#8220; custom_padding__hover=&#8220;|||&#8220;][et_pb_text _builder_version=&#8220;4.16&#8243; text_text_color=&#8220;#000000&#8243; text_font_size=&#8220;16&#8243; header_text_color=&#8220;#000000&#8243; background_size=&#8220;initial&#8220; background_position=&#8220;top_left&#8220; background_repeat=&#8220;repeat&#8220; border_style=&#8220;solid&#8220; global_colors_info=&#8220;{}&#8220;]Der Veranstaltungsort des Bau.Sachverstand.Forum&nbsp;ist das<\/p>\n<p><strong>KIM HOTEL DRESDEN<\/strong><br \/>\n<strong> Gompitzer H\u00f6he 2 in 01156 Dresden<\/strong><\/p>\n<p>Autobahn A4 bis zum Dreieck Dresden-West &#8212; A17 bis zur AS Dresden-Gorbitz. &#8212; Ampel rechts abbiegen auf die B173 in Richtung Zentrum &#8212; nach ca. 1500 m rechts zum Gompitz-Park &#8212; Ampelkreuzung links zum KIM HOTEL DRESDEN<\/p>\n<p>Ausreichende Parkm\u00f6glichkeiten sind auf dem Parkdeck gegen\u00fcber der Hotelanlage vorhanden.<\/p>\n<p>Ein teilnehmerbezogenes Zimmerkontingent im Hotel, ist&nbsp;unter Angabe der Veranstaltung f\u00fcr \u00dcbernachtungen im EZ, einschlie\u00dflich Fr\u00fchst\u00fccksbuffet, zum Tagungssonderpreis von <strong>58,00 EUR<\/strong> pro Person und Nacht auf Selbstzahlerbasis vorhanden.[\/et_pb_text][\/et_pb_column][\/et_pb_row][\/et_pb_section][et_pb_section fb_built=&#8220;1&#8243; admin_label=&#8220;section&#8220; _builder_version=&#8220;4.16&#8243; global_colors_info=&#8220;{}&#8220;][et_pb_row admin_label=&#8220;row&#8220; _builder_version=&#8220;4.16&#8243; background_size=&#8220;initial&#8220; background_position=&#8220;top_left&#8220; background_repeat=&#8220;repeat&#8220; global_colors_info=&#8220;{}&#8220;][et_pb_column type=&#8220;4_4&#8243; _builder_version=&#8220;4.16&#8243; custom_padding=&#8220;|||&#8220; global_colors_info=&#8220;{}&#8220; custom_padding__hover=&#8220;|||&#8220;][\/et_pb_column][\/et_pb_row][\/et_pb_section]<\/p>\n","protected":false},"excerpt":{"rendered":"<p>Derzeit ist kein Bau.Sachverstand.Forum geplant. &nbsp; &nbsp;Die Teilnehmergeb\u00fchr betr\u00e4gt 140,00 EUR zuz\u00fcglich der gesetzlichen Mehrwertsteuer und beinhaltet neben Schreibunterlagen au\u00dferdem Tagungsgetr\u00e4nke w\u00e4hrend der Veranstaltung sowie ein Mittagessen am Buffet im Hotelrestaurant und 2 Kaffeepausen mit Pausenimbiss. Des Weiteren k\u00f6nnen bereits ab 8.30 Uhr bei einem Begr\u00fc\u00dfungskaffee erste fachliche Erfahrungen unter Teilnehmern ausgetauscht werden. Neben den [&hellip;]<\/p>\n","protected":false},"author":3,"featured_media":0,"parent":0,"menu_order":0,"comment_status":"closed","ping_status":"closed","template":"","meta":{"_et_pb_use_builder":"on","_et_pb_old_content":"","_et_gb_content_width":"","footnotes":""},"class_list":["post-1531","page","type-page","status-publish","hentry"],"_links":{"self":[{"href":"https:\/\/hertrampf-aib.de\/index.php?rest_route=\/wp\/v2\/pages\/1531","targetHints":{"allow":["GET"]}}],"collection":[{"href":"https:\/\/hertrampf-aib.de\/index.php?rest_route=\/wp\/v2\/pages"}],"about":[{"href":"https:\/\/hertrampf-aib.de\/index.php?rest_route=\/wp\/v2\/types\/page"}],"author":[{"embeddable":true,"href":"https:\/\/hertrampf-aib.de\/index.php?rest_route=\/wp\/v2\/users\/3"}],"replies":[{"embeddable":true,"href":"https:\/\/hertrampf-aib.de\/index.php?rest_route=%2Fwp%2Fv2%2Fcomments&post=1531"}],"version-history":[{"count":31,"href":"https:\/\/hertrampf-aib.de\/index.php?rest_route=\/wp\/v2\/pages\/1531\/revisions"}],"predecessor-version":[{"id":2761,"href":"https:\/\/hertrampf-aib.de\/index.php?rest_route=\/wp\/v2\/pages\/1531\/revisions\/2761"}],"wp:attachment":[{"href":"https:\/\/hertrampf-aib.de\/index.php?rest_route=%2Fwp%2Fv2%2Fmedia&parent=1531"}],"curies":[{"name":"wp","href":"https:\/\/api.w.org\/{rel}","templated":true}]}}