{"id":153,"date":"2016-09-14T14:16:33","date_gmt":"2016-09-14T12:16:33","guid":{"rendered":"http:\/\/kundenseiten.vrm-mobile.de\/hertrampfneu\/?page_id=153"},"modified":"2018-10-29T14:18:31","modified_gmt":"2018-10-29T13:18:31","slug":"impressum","status":"publish","type":"page","link":"https:\/\/hertrampf-aib.de\/?page_id=153","title":{"rendered":"Impressum"},"content":{"rendered":"<p>[et_pb_section bb_built=&#8220;1&#8243; fullwidth=&#8220;on&#8220; specialty=&#8220;off&#8220;][et_pb_fullwidth_slider show_arrows=&#8220;on&#8220; show_pagination=&#8220;on&#8220; auto=&#8220;off&#8220; auto_ignore_hover=&#8220;off&#8220; parallax=&#8220;off&#8220; parallax_method=&#8220;off&#8220; remove_inner_shadow=&#8220;off&#8220; background_position=&#8220;default&#8220; background_size=&#8220;default&#8220; hide_content_on_mobile=&#8220;off&#8220; hide_cta_on_mobile=&#8220;off&#8220; show_image_video_mobile=&#8220;off&#8220; custom_button=&#8220;off&#8220; button_letter_spacing=&#8220;0&#8243; button_use_icon=&#8220;default&#8220; button_icon_placement=&#8220;right&#8220; button_on_hover=&#8220;on&#8220; button_letter_spacing_hover=&#8220;0&#8243; \/][\/et_pb_section][et_pb_section bb_built=&#8220;1&#8243; fullwidth=&#8220;off&#8220; specialty=&#8220;off&#8220;][et_pb_row background_position=&#8220;top_left&#8220; background_repeat=&#8220;repeat&#8220; background_size=&#8220;initial&#8220;][et_pb_column type=&#8220;4_4&#8243;][et_pb_text admin_label=&#8220;h1&#8243; background_layout=&#8220;light&#8220; text_orientation=&#8220;left&#8220; use_border_color=&#8220;off&#8220; border_color=&#8220;#ffffff&#8220; border_style=&#8220;solid&#8220; module_class=&#8220;ueberschrift&#8220; background_position=&#8220;top_left&#8220; background_repeat=&#8220;repeat&#8220; background_size=&#8220;initial&#8220;]<\/p>\n<h1>Impressum<\/h1>\n<p>[\/et_pb_text][\/et_pb_column][\/et_pb_row][\/et_pb_section][et_pb_section bb_built=&#8220;1&#8243; fullwidth=&#8220;off&#8220; specialty=&#8220;off&#8220;][et_pb_row background_position=&#8220;top_left&#8220; background_repeat=&#8220;repeat&#8220; background_size=&#8220;initial&#8220;][et_pb_column type=&#8220;4_4&#8243;][et_pb_text background_layout=&#8220;light&#8220; text_orientation=&#8220;left&#8220; border_style=&#8220;solid&#8220; background_position=&#8220;top_left&#8220; background_repeat=&#8220;repeat&#8220; background_size=&#8220;initial&#8220; _builder_version=&#8220;3.0.64&#8243;]<\/p>\n<h3><span style=\"color: #000000;\"><strong>Angaben gem\u00e4\u00df \u00a7 5 TMG:<\/strong><\/span><\/h3>\n<p><strong>HERTRAMPF<\/strong> Bauplanungs- &amp; Ingenieurb\u00fcro GmbH<br \/>\nDr.- Friedrichs &#8211; Ring 9<br \/>\n08056 Zwickau<\/p>\n<p>Telefon: 49(0)375 &#8211; 270 64-0<br \/>\nTelefax: 49(0)375 &#8211; 270 64-11<br \/>\nE-Mail: info@HERTRAMPF-AIB.de<\/p>\n<p><b><span style=\"color: #000000;\">Registereintrag:\u00a0<\/span>\u00a0 <\/b><\/p>\n<p>Eintragung im Handelsregister.<br \/>\nRegistergericht: Amtsgericht Chemnitz<br \/>\nHandelsregister-Nr.: 23318<\/p>\n<p><span style=\"color: #000000;\"><b>Steuer-Nr.:<\/b><\/span> 227\/110\/02603<\/p>\n<p><span style=\"color: #000000;\"><strong>Vertreten<\/strong><\/span> durch die Gesch\u00e4ftsf\u00fchrer<\/p>\n<p>Dipl.- Ing. Wolfgang Hertrampf<\/p>\n<p>Dipl.- Ing. (BA)\u00a0Tobias Hertrampf<\/p>\n<h3>Realisiert durch:<\/h3>\n<p><a href=\"https:\/\/vrm-digital.de\" target=\"_blank\" rel=\"noopener\"><img decoding=\"async\" style=\"max-width: 350px; height: auto;\" src=\"https:\/\/vrm-digital.de\/wp-content\/themes\/vrm-digital.de\/img\/VRMDigital-Einbindebanner.svg\" alt=\"Realisiert durch VRM Digital GmbH\" \/><br \/>\n<\/a><a href=\"https:\/\/vrm-digital.de\" target=\"_blank\" rel=\"noopener\">VRM Digital GmbH<\/a><\/p>\n<p>[\/et_pb_text][et_pb_text background_layout=&#8220;light&#8220; text_orientation=&#8220;left&#8220; use_border_color=&#8220;off&#8220; border_color=&#8220;#ffffff&#8220; border_style=&#8220;solid&#8220; background_position=&#8220;top_left&#8220; background_repeat=&#8220;repeat&#8220; background_size=&#8220;initial&#8220; _builder_version=&#8220;3.0.64&#8243;]<\/p>\n<h3><strong>Haftungsausschluss:<\/strong><\/h3>\n<p><span style=\"color: #000000;\"><strong>Haftung f\u00fcr Inhalte<\/strong><\/span><\/p>\n<p>Die Inhalte unserer Seiten wurden mit gr\u00f6\u00dfter Sorgfalt erstellt. F\u00fcr die Richtigkeit, Vollst\u00e4ndigkeit und Aktualit\u00e4t der Inhalte k\u00f6nnen wir jedoch keine Gew\u00e4hr \u00fcbernehmen. Als Diensteanbieter sind wir gem\u00e4\u00df \u00a7 7 Abs.1 TMG f\u00fcr eigene Inhalte auf diesen Seiten nach den allgemeinen Gesetzen verantwortlich. Nach \u00a7\u00a7 8 bis 10 TMG sind wir als Diensteanbieter jedoch nicht verpflichtet, \u00fcbermittelte oder gespeicherte fremde Informationen zu \u00fcberwachen oder nach Umst\u00e4nden zu forschen, die auf eine rechtswidrige T\u00e4tigkeit hinweisen. Verpflichtungen zur Entfernung oder Sperrung der Nutzung von Informationen nach den allgemeinen Gesetzen bleiben hiervon unber\u00fchrt. Eine diesbez\u00fcgliche Haftung ist jedoch erst ab dem Zeitpunkt der Kenntnis einer konkreten Rechtsverletzung m\u00f6glich. Bei Bekanntwerden von entsprechenden Rechtsverletzungen werden wir diese Inhalte umgehend entfernen.<\/p>\n<p><span style=\"color: #000000;\"><strong>Haftung f\u00fcr Links<\/strong><\/span><\/p>\n<p>Unser Angebot enth\u00e4lt Links zu externen Webseiten Dritter, auf deren Inhalte wir keinen Einfluss haben. Deshalb k\u00f6nnen wir f\u00fcr diese fremden Inhalte auch keine Gew\u00e4hr \u00fcbernehmen. F\u00fcr die Inhalte der verlinkten Seiten ist stets der jeweilige Anbieter oder Betreiber der Seiten verantwortlich. Die verlinkten Seiten wurden zum Zeitpunkt der Verlinkung auf m\u00f6gliche Rechtsverst\u00f6\u00dfe \u00fcberpr\u00fcft. Rechtswidrige Inhalte waren zum Zeitpunkt der Verlinkung nicht erkennbar. Eine permanente inhaltliche Kontrolle der verlinkten Seiten ist jedoch ohne konkrete Anhaltspunkte einer Rechtsverletzung nicht zumutbar. Bei Bekanntwerden von Rechtsverletzungen werden wir derartige Links umgehend entfernen.<\/p>\n<p><span style=\"color: #000000;\"><strong>Urheberrecht<\/strong><\/span><\/p>\n<p>Die durch die Seitenbetreiber erstellten Inhalte und Werke auf diesen Seiten unterliegen dem deutschen Urheberrecht. Die Vervielf\u00e4ltigung, Bearbeitung, Verbreitung und jede Art der Verwertung au\u00dferhalb der Grenzen des Urheberrechtes bed\u00fcrfen der schriftlichen Zustimmung des jeweiligen Autors bzw. Erstellers. Downloads und Kopien dieser Seite sind nur f\u00fcr den privaten, nicht kommerziellen Gebrauch gestattet. Soweit die Inhalte auf dieser Seite nicht vom Betreiber erstellt wurden, werden die Urheberrechte Dritter beachtet. Insbesondere werden Inhalte Dritter als solche gekennzeichnet. Sollten Sie trotzdem auf eine Urheberrechtsverletzung aufmerksam werden, bitten wir um einen entsprechenden Hinweis. Bei Bekanntwerden von Rechtsverletzungen werden wir derartige Inhalte umgehend entfernen.<\/p>\n<p>[\/et_pb_text][\/et_pb_column][\/et_pb_row][\/et_pb_section]<\/p>\n","protected":false},"excerpt":{"rendered":"<p>Impressum Angaben gem\u00e4\u00df \u00a7 5 TMG: HERTRAMPF Bauplanungs- &amp; Ingenieurb\u00fcro GmbH Dr.- Friedrichs &#8211; Ring 9 08056 Zwickau Telefon: 49(0)375 &#8211; 270 64-0 Telefax: 49(0)375 &#8211; 270 64-11 E-Mail: info@HERTRAMPF-AIB.de Registereintrag:\u00a0\u00a0 Eintragung im Handelsregister. Registergericht: Amtsgericht Chemnitz Handelsregister-Nr.: 23318 Steuer-Nr.: 227\/110\/02603 Vertreten durch die Gesch\u00e4ftsf\u00fchrer Dipl.- Ing. Wolfgang Hertrampf Dipl.- Ing. (BA)\u00a0Tobias Hertrampf Realisiert durch: [&hellip;]<\/p>\n","protected":false},"author":1,"featured_media":0,"parent":0,"menu_order":0,"comment_status":"closed","ping_status":"closed","template":"","meta":{"_et_pb_use_builder":"on","_et_pb_old_content":"","_et_gb_content_width":"","footnotes":""},"class_list":["post-153","page","type-page","status-publish","hentry"],"_links":{"self":[{"href":"https:\/\/hertrampf-aib.de\/index.php?rest_route=\/wp\/v2\/pages\/153","targetHints":{"allow":["GET"]}}],"collection":[{"href":"https:\/\/hertrampf-aib.de\/index.php?rest_route=\/wp\/v2\/pages"}],"about":[{"href":"https:\/\/hertrampf-aib.de\/index.php?rest_route=\/wp\/v2\/types\/page"}],"author":[{"embeddable":true,"href":"https:\/\/hertrampf-aib.de\/index.php?rest_route=\/wp\/v2\/users\/1"}],"replies":[{"embeddable":true,"href":"https:\/\/hertrampf-aib.de\/index.php?rest_route=%2Fwp%2Fv2%2Fcomments&post=153"}],"version-history":[{"count":1,"href":"https:\/\/hertrampf-aib.de\/index.php?rest_route=\/wp\/v2\/pages\/153\/revisions"}],"predecessor-version":[{"id":2041,"href":"https:\/\/hertrampf-aib.de\/index.php?rest_route=\/wp\/v2\/pages\/153\/revisions\/2041"}],"wp:attachment":[{"href":"https:\/\/hertrampf-aib.de\/index.php?rest_route=%2Fwp%2Fv2%2Fmedia&parent=153"}],"curies":[{"name":"wp","href":"https:\/\/api.w.org\/{rel}","templated":true}]}}