{"id":1529,"date":"2018-03-07T11:09:30","date_gmt":"2018-03-07T10:09:30","guid":{"rendered":"https:\/\/hertrampf-aib.de\/relaunch\/?page_id=1529"},"modified":"2020-01-29T11:46:20","modified_gmt":"2020-01-29T10:46:20","slug":"bbi-allgemeines","status":"publish","type":"page","link":"https:\/\/hertrampf-aib.de\/?page_id=1529","title":{"rendered":"Allgemeines &#8211; BSV"},"content":{"rendered":"<p>[et_pb_section fb_built=&#8220;1&#8243; _builder_version=&#8220;3.0.80&#8243;][et_pb_row _builder_version=&#8220;3.0.48&#8243; background_size=&#8220;initial&#8220; background_position=&#8220;top_left&#8220; background_repeat=&#8220;repeat&#8220;][et_pb_column type=&#8220;4_4&#8243; _builder_version=&#8220;3.0.47&#8243; parallax=&#8220;off&#8220; parallax_method=&#8220;on&#8220;][et_pb_text admin_label=&#8220;Slogan&#8220; module_class=&#8220;ueberschrift&#8220; _builder_version=&#8220;3.0.87&#8243; text_line_height=&#8220;1em&#8220; background_size=&#8220;initial&#8220; background_position=&#8220;top_left&#8220; background_repeat=&#8220;repeat&#8220; border_style=&#8220;solid&#8220;]<\/p>\n<h1 style=\"text-align: center\">&#8222;Praxisbezogener Sachverstand mit langj\u00e4hriger Berufserfahrung!&#8220;<\/h1>\n<p>[\/et_pb_text][et_pb_image src=&#8220;https:\/\/hertrampf-aib.de\/\/wp-content\/uploads\/2018\/03\/WH-TH2.jpg&#8220; admin_label=&#8220;Bild WH, TH&#8220; _builder_version=&#8220;3.0.87&#8243; border_style=&#8220;solid&#8220; saved_tabs=&#8220;all&#8220;][\/et_pb_image][\/et_pb_column][\/et_pb_row][\/et_pb_section][et_pb_section fb_built=&#8220;1&#8243; inner_shadow=&#8220;on&#8220; fullwidth=&#8220;on&#8220; custom_padding_last_edited=&#8220;on|desktop&#8220; admin_label=&#8220;section&#8220; _builder_version=&#8220;3.0.74&#8243; custom_padding_tablet=&#8220;50px|0|50px|0&#8243; transparent_background=&#8220;off&#8220; padding_mobile=&#8220;off&#8220;][et_pb_fullwidth_header subhead=&#8220;Das B\u00fcro&#8220; subhead_font_color=&#8220;#012a5e&#8220; admin_label=&#8220;Das B\u00fcro&#8220; _builder_version=&#8220;3.16&#8243; subhead_text_color=&#8220;#012a5e&#8220; subhead_font_size=&#8220;27px&#8220; background_color=&#8220;rgba(255, 255, 255, 0)&#8220; max_width_tablet=&#8220;50px&#8220; custom_css_main_element=&#8220;border-top:1px solid #f8b90a;||border-bottom:1px solid #f8b90a;&#8220; button_one_letter_spacing_hover=&#8220;0&#8243; button_two_letter_spacing_hover=&#8220;0&#8243; button_one_text_size__hover_enabled=&#8220;off&#8220; button_two_text_size__hover_enabled=&#8220;off&#8220; button_one_text_color__hover_enabled=&#8220;off&#8220; button_two_text_color__hover_enabled=&#8220;off&#8220; button_one_border_width__hover_enabled=&#8220;off&#8220; button_two_border_width__hover_enabled=&#8220;off&#8220; button_one_border_color__hover_enabled=&#8220;off&#8220; button_two_border_color__hover_enabled=&#8220;off&#8220; button_one_border_radius__hover_enabled=&#8220;off&#8220; button_two_border_radius__hover_enabled=&#8220;off&#8220; button_one_letter_spacing__hover_enabled=&#8220;on&#8220; button_one_letter_spacing__hover=&#8220;0&#8243; button_two_letter_spacing__hover_enabled=&#8220;on&#8220; button_two_letter_spacing__hover=&#8220;0&#8243; button_one_bg_color__hover_enabled=&#8220;off&#8220; button_two_bg_color__hover_enabled=&#8220;off&#8220;][\/et_pb_fullwidth_header][\/et_pb_section][et_pb_section fb_built=&#8220;1&#8243; _builder_version=&#8220;3.0.80&#8243;][et_pb_row _builder_version=&#8220;3.0.80&#8243; background_size=&#8220;initial&#8220; background_position=&#8220;top_left&#8220; background_repeat=&#8220;repeat&#8220;][et_pb_column type=&#8220;4_4&#8243; _builder_version=&#8220;3.0.47&#8243; parallax=&#8220;off&#8220; parallax_method=&#8220;on&#8220;][et_pb_text _builder_version=&#8220;3.0.87&#8243; text_text_color=&#8220;#000000&#8243; text_font_size=&#8220;16&#8243; header_text_color=&#8220;#000000&#8243; background_size=&#8220;initial&#8220; background_position=&#8220;top_left&#8220; background_repeat=&#8220;repeat&#8220; border_style=&#8220;solid&#8220;]<\/p>\n<p>Die HERTRAMPF\u00a0BauBeratungs- &amp; SachVerst\u00e4ndigenb\u00fcro\u00a0GbR ist ein unabh\u00e4ngiges bundesweit t\u00e4tiges Sachverst\u00e4ndigenb\u00fcro, welches stets neutral und treuh\u00e4nderisch f\u00fcr seine Auftraggeber und frei von Hersteller- und Lieferanteninteressen arbeitet.<\/p>\n<p>Die HERTRAMPF\u00a0BauBeratungs- &amp; SachVerst\u00e4ndigenb\u00fcro\u00a0GbR gew\u00e4hrleistet durch umfangreiche Erfahrungen und Qualifikationen auf den verschiedensten Gebieten des Bausachverst\u00e4ndigenwesens zuverl\u00e4ssige Gutachten zu Baum\u00e4ngeln \/ Bausch\u00e4den sowie bei der Bewertung von Grundst\u00fccken.<\/p>\n<p>Die HERTRAMPF\u00a0BauBeratungs- &amp; SachVerst\u00e4ndigenb\u00fcro\u00a0GbR erarbeitet unparteiisch auf der Grundlage der Feststellungen und Bewertungen zu Bausch\u00e4den sowie Planungs- und Ausf\u00fchrungsfehlern projektspezifische M\u00e4ngelbeseitigungsvorschl\u00e4ge sowie zielgerichtete Sanierungsplanungen im Hinblick auf die jeweiligen nutzungsspezifischen Gegebenheiten.<\/p>\n<p>Im Rahmen von Schulungen und Fachfortbildungen als Dozent von verschiedenen bundesweiten Bildungseinrichtungen werden durch die HERTRAMPF\u00a0BauBeratungs- &amp; SachVerst\u00e4ndigenb\u00fcro\u00a0GbR die jahrelang gewonnen praxisbezogenen Kenntnisse auf den Gebieten des Bau- und Sachverst\u00e4ndigenwesens vermittelt.<\/p>\n<p>&nbsp;<\/p>\n<p>[\/et_pb_text][\/et_pb_column][\/et_pb_row][\/et_pb_section]<\/p>\n","protected":false},"excerpt":{"rendered":"<p>&#8222;Praxisbezogener Sachverstand mit langj\u00e4hriger Berufserfahrung!&#8220; Die HERTRAMPF\u00a0BauBeratungs- &amp; SachVerst\u00e4ndigenb\u00fcro\u00a0GbR ist ein unabh\u00e4ngiges bundesweit t\u00e4tiges Sachverst\u00e4ndigenb\u00fcro, welches stets neutral und treuh\u00e4nderisch f\u00fcr seine Auftraggeber und frei von Hersteller- und Lieferanteninteressen arbeitet. Die HERTRAMPF\u00a0BauBeratungs- &amp; SachVerst\u00e4ndigenb\u00fcro\u00a0GbR gew\u00e4hrleistet durch umfangreiche Erfahrungen und Qualifikationen auf den verschiedensten Gebieten des Bausachverst\u00e4ndigenwesens zuverl\u00e4ssige Gutachten zu Baum\u00e4ngeln \/ Bausch\u00e4den sowie bei der [&hellip;]<\/p>\n","protected":false},"author":3,"featured_media":0,"parent":0,"menu_order":0,"comment_status":"closed","ping_status":"closed","template":"","meta":{"_et_pb_use_builder":"on","_et_pb_old_content":"","_et_gb_content_width":"","footnotes":""},"class_list":["post-1529","page","type-page","status-publish","hentry"],"_links":{"self":[{"href":"https:\/\/hertrampf-aib.de\/index.php?rest_route=\/wp\/v2\/pages\/1529","targetHints":{"allow":["GET"]}}],"collection":[{"href":"https:\/\/hertrampf-aib.de\/index.php?rest_route=\/wp\/v2\/pages"}],"about":[{"href":"https:\/\/hertrampf-aib.de\/index.php?rest_route=\/wp\/v2\/types\/page"}],"author":[{"embeddable":true,"href":"https:\/\/hertrampf-aib.de\/index.php?rest_route=\/wp\/v2\/users\/3"}],"replies":[{"embeddable":true,"href":"https:\/\/hertrampf-aib.de\/index.php?rest_route=%2Fwp%2Fv2%2Fcomments&post=1529"}],"version-history":[{"count":33,"href":"https:\/\/hertrampf-aib.de\/index.php?rest_route=\/wp\/v2\/pages\/1529\/revisions"}],"predecessor-version":[{"id":2118,"href":"https:\/\/hertrampf-aib.de\/index.php?rest_route=\/wp\/v2\/pages\/1529\/revisions\/2118"}],"wp:attachment":[{"href":"https:\/\/hertrampf-aib.de\/index.php?rest_route=%2Fwp%2Fv2%2Fmedia&parent=1529"}],"curies":[{"name":"wp","href":"https:\/\/api.w.org\/{rel}","templated":true}]}}