{"id":128,"date":"2016-09-14T12:30:07","date_gmt":"2016-09-14T10:30:07","guid":{"rendered":"http:\/\/kundenseiten.vrm-mobile.de\/hertrampfneu\/?page_id=128"},"modified":"2021-04-16T14:27:54","modified_gmt":"2021-04-16T12:27:54","slug":"startseite-aib","status":"publish","type":"page","link":"https:\/\/hertrampf-aib.de\/","title":{"rendered":"Startseite &#8211; AIB"},"content":{"rendered":"<p>[et_pb_section fb_built=&#8220;1&#8243; _builder_version=&#8220;3.22&#8243;][et_pb_row _builder_version=&#8220;3.25&#8243; background_size=&#8220;initial&#8220; background_position=&#8220;top_left&#8220; background_repeat=&#8220;repeat&#8220;][et_pb_column type=&#8220;4_4&#8243; _builder_version=&#8220;3.25&#8243; custom_padding=&#8220;|||&#8220; custom_padding__hover=&#8220;|||&#8220;][et_pb_image src=&#8220;https:\/\/hertrampf-aib.de\/wp-content\/uploads\/2019\/01\/Startseite-Slider-Bild-1.jpg&#8220; _builder_version=&#8220;4.9.0&#8243; _module_preset=&#8220;default&#8220; title_text=&#8220;Startseite-Slider-Bild 1&#8243; hover_enabled=&#8220;0&#8243; sticky_enabled=&#8220;0&#8243;][\/et_pb_image][\/et_pb_column][\/et_pb_row][\/et_pb_section][et_pb_section fb_built=&#8220;1&#8243; _builder_version=&#8220;3.22&#8243;][et_pb_row _builder_version=&#8220;3.25&#8243; background_size=&#8220;initial&#8220; background_position=&#8220;top_left&#8220; background_repeat=&#8220;repeat&#8220;][et_pb_column type=&#8220;4_4&#8243; _builder_version=&#8220;3.25&#8243; custom_padding=&#8220;|||&#8220; custom_padding__hover=&#8220;|||&#8220;][et_pb_text admin_label=&#8220;Leistungen&#8220; module_class=&#8220;ueberschrift&#8220; _builder_version=&#8220;3.27.4&#8243; background_size=&#8220;initial&#8220; background_position=&#8220;top_left&#8220; background_repeat=&#8220;repeat&#8220; border_style=&#8220;solid&#8220;]<\/p>\n<h1 style=\"text-align: center;\">&#8222;Qualit\u00e4t ist\u00a0alles was man nicht bemerkt, weil es funktioniert!&#8220;<\/h1>\n<p>[\/et_pb_text][\/et_pb_column][\/et_pb_row][\/et_pb_section][et_pb_section fb_built=&#8220;1&#8243; _builder_version=&#8220;3.22&#8243;][et_pb_row _builder_version=&#8220;3.25&#8243; background_size=&#8220;initial&#8220; background_position=&#8220;top_left&#8220; background_repeat=&#8220;repeat&#8220;][et_pb_column type=&#8220;4_4&#8243; _builder_version=&#8220;3.25&#8243; custom_padding=&#8220;|||&#8220; custom_padding__hover=&#8220;|||&#8220;][et_pb_text _builder_version=&#8220;3.27.4&#8243; text_text_color=&#8220;#000000&#8243; text_font_size=&#8220;16&#8243; text_letter_spacing=&#8220;1px&#8220; background_size=&#8220;initial&#8220; background_position=&#8220;top_left&#8220; background_repeat=&#8220;repeat&#8220; border_style=&#8220;solid&#8220;]<\/p>\n<p style=\"text-align: center;\"><span style=\"color: #333333;\">Die HERTRAMPF Bauplanungs- &amp; Ingenieurb\u00fcro GmbH versteht sich von der Projektentwicklung \u00fcber alle Planungsphasen bis zur Fertigstellung und \u00dcbergabe im Dialog mit dem Bauherrn stets als Dienstleister und Probleml\u00f6ser.<\/span><\/p>\n<p>&nbsp;<\/p>\n<p>[\/et_pb_text][\/et_pb_column][\/et_pb_row][\/et_pb_section]<\/p>\n","protected":false},"excerpt":{"rendered":"<p>&#8222;Qualit\u00e4t ist\u00a0alles was man nicht bemerkt, weil es funktioniert!&#8220; Die HERTRAMPF Bauplanungs- &amp; Ingenieurb\u00fcro GmbH versteht sich von der Projektentwicklung \u00fcber alle Planungsphasen bis zur Fertigstellung und \u00dcbergabe im Dialog mit dem Bauherrn stets als Dienstleister und Probleml\u00f6ser. &nbsp;<\/p>\n","protected":false},"author":1,"featured_media":0,"parent":0,"menu_order":0,"comment_status":"closed","ping_status":"closed","template":"","meta":{"_et_pb_use_builder":"on","_et_pb_old_content":"","_et_gb_content_width":"","footnotes":""},"class_list":["post-128","page","type-page","status-publish","hentry"],"_links":{"self":[{"href":"https:\/\/hertrampf-aib.de\/index.php?rest_route=\/wp\/v2\/pages\/128","targetHints":{"allow":["GET"]}}],"collection":[{"href":"https:\/\/hertrampf-aib.de\/index.php?rest_route=\/wp\/v2\/pages"}],"about":[{"href":"https:\/\/hertrampf-aib.de\/index.php?rest_route=\/wp\/v2\/types\/page"}],"author":[{"embeddable":true,"href":"https:\/\/hertrampf-aib.de\/index.php?rest_route=\/wp\/v2\/users\/1"}],"replies":[{"embeddable":true,"href":"https:\/\/hertrampf-aib.de\/index.php?rest_route=%2Fwp%2Fv2%2Fcomments&post=128"}],"version-history":[{"count":26,"href":"https:\/\/hertrampf-aib.de\/index.php?rest_route=\/wp\/v2\/pages\/128\/revisions"}],"predecessor-version":[{"id":2484,"href":"https:\/\/hertrampf-aib.de\/index.php?rest_route=\/wp\/v2\/pages\/128\/revisions\/2484"}],"wp:attachment":[{"href":"https:\/\/hertrampf-aib.de\/index.php?rest_route=%2Fwp%2Fv2%2Fmedia&parent=128"}],"curies":[{"name":"wp","href":"https:\/\/api.w.org\/{rel}","templated":true}]}}